{"id":111,"date":"2012-11-02T19:10:44","date_gmt":"2012-11-02T19:10:44","guid":{"rendered":"http:\/\/ressourcement-nature.com\/de\/?page_id=111"},"modified":"2022-04-28T10:31:30","modified_gmt":"2022-04-28T10:31:30","slug":"unterkunft","status":"publish","type":"page","link":"https:\/\/ressourcement-nature.com\/de\/unterkunft\/","title":{"rendered":"Ungew\u00f6hnliche Unterk\u00fcnfte"},"content":{"rendered":"<p><strong>Unsere ungew\u00f6hnlichen Unterk\u00fcnfte sind ideal f\u00fcr alle, die gerne Einfachheit und Natur genie\u00dfen m\u00f6chten! Sie sind jeweils f\u00fcr 2 Personen und sind selbst gen\u00fcgsam.<br \/>\n<\/strong><\/p>\n<p>2 N\u00e4chte minimum : Von 14 Juli bis\u00a0 Ende August : minimum 1 Woche Vermietung .<\/p>\n<h2 style=\"text-align: center;\">Gruppen sind willkommen!<\/h2>\n<h1><\/h1>\n<h2 style=\"text-align: center;\">Das Studio \u00ab\u00a0Canigou\u00a0\u00bb<\/h2>\n\n\t\t<style type=\"text\/css\">\n\t\t\t#gallery-1 {\n\t\t\t\tmargin: auto;\n\t\t\t}\n\t\t\t#gallery-1 .gallery-item {\n\t\t\t\tfloat: left;\n\t\t\t\tmargin-top: 10px;\n\t\t\t\ttext-align: center;\n\t\t\t\twidth: 25%;\n\t\t\t}\n\t\t\t#gallery-1 img {\n\t\t\t\tborder: 2px solid #cfcfcf;\n\t\t\t}\n\t\t\t#gallery-1 .gallery-caption {\n\t\t\t\tmargin-left: 0;\n\t\t\t}\n\t\t\t\/* see gallery_shortcode() in wp-includes\/media.php *\/\n\t\t<\/style>\n\t\t<div id='gallery-1' class='gallery galleryid-111 gallery-columns-4 gallery-size-thumbnail'><dl class='gallery-item'>\n\t\t\t<dt class='gallery-icon landscape'>\n\t\t\t\t<a href='https:\/\/ressourcement-nature.com\/de\/files\/L1028510-e1437404156201.jpg'><img loading=\"lazy\" decoding=\"async\" width=\"150\" height=\"150\" src=\"https:\/\/ressourcement-nature.com\/de\/files\/L1028510-150x150.jpg\" class=\"attachment-thumbnail size-thumbnail\" alt=\"\" \/><\/a>\n\t\t\t<\/dt><\/dl><dl class='gallery-item'>\n\t\t\t<dt class='gallery-icon portrait'>\n\t\t\t\t<a href='https:\/\/ressourcement-nature.com\/de\/files\/P1020768-e1403364765350.jpg'><img loading=\"lazy\" decoding=\"async\" width=\"150\" height=\"150\" src=\"https:\/\/ressourcement-nature.com\/de\/files\/P1020768-e1403364765350-150x150.jpg\" class=\"attachment-thumbnail size-thumbnail\" alt=\"\" \/><\/a>\n\t\t\t<\/dt><\/dl><dl class='gallery-item'>\n\t\t\t<dt class='gallery-icon landscape'>\n\t\t\t\t<a href='https:\/\/ressourcement-nature.com\/de\/files\/P1030556-e1437391994132.jpg'><img loading=\"lazy\" decoding=\"async\" width=\"150\" height=\"150\" src=\"https:\/\/ressourcement-nature.com\/de\/files\/P1030556-150x150.jpg\" class=\"attachment-thumbnail size-thumbnail\" alt=\"\" srcset=\"https:\/\/ressourcement-nature.com\/de\/files\/P1030556-150x150.jpg 150w, https:\/\/ressourcement-nature.com\/de\/files\/P1030556-300x300.jpg 300w, https:\/\/ressourcement-nature.com\/de\/files\/P1030556-1024x1024.jpg 1024w, https:\/\/ressourcement-nature.com\/de\/files\/P1030556-e1437391994132.jpg 480w\" sizes=\"auto, (max-width: 150px) 100vw, 150px\" \/><\/a>\n\t\t\t<\/dt><\/dl><dl class='gallery-item'>\n\t\t\t<dt class='gallery-icon landscape'>\n\t\t\t\t<a href='https:\/\/ressourcement-nature.com\/de\/files\/P1000968-e1523610537361.jpg'><img loading=\"lazy\" decoding=\"async\" width=\"150\" height=\"150\" src=\"https:\/\/ressourcement-nature.com\/de\/files\/P1000968-150x150.jpg\" class=\"attachment-thumbnail size-thumbnail\" alt=\"\" \/><\/a>\n\t\t\t<\/dt><\/dl><br style=\"clear: both\" \/><dl class='gallery-item'>\n\t\t\t<dt class='gallery-icon landscape'>\n\t\t\t\t<a href='https:\/\/ressourcement-nature.com\/de\/files\/P1000967-e1523610499393.jpg'><img loading=\"lazy\" decoding=\"async\" width=\"150\" height=\"150\" src=\"https:\/\/ressourcement-nature.com\/de\/files\/P1000967-150x150.jpg\" class=\"attachment-thumbnail size-thumbnail\" alt=\"\" \/><\/a>\n\t\t\t<\/dt><\/dl><dl class='gallery-item'>\n\t\t\t<dt class='gallery-icon landscape'>\n\t\t\t\t<a href='https:\/\/ressourcement-nature.com\/de\/files\/P1000965.jpg'><img loading=\"lazy\" decoding=\"async\" width=\"150\" height=\"150\" src=\"https:\/\/ressourcement-nature.com\/de\/files\/P1000965-150x150.jpg\" class=\"attachment-thumbnail size-thumbnail\" alt=\"\" \/><\/a>\n\t\t\t<\/dt><\/dl><dl class='gallery-item'>\n\t\t\t<dt class='gallery-icon landscape'>\n\t\t\t\t<a href='https:\/\/ressourcement-nature.com\/de\/files\/P1000963.jpg'><img loading=\"lazy\" decoding=\"async\" width=\"150\" height=\"150\" src=\"https:\/\/ressourcement-nature.com\/de\/files\/P1000963-150x150.jpg\" class=\"attachment-thumbnail size-thumbnail\" alt=\"\" \/><\/a>\n\t\t\t<\/dt><\/dl><dl class='gallery-item'>\n\t\t\t<dt class='gallery-icon landscape'>\n\t\t\t\t<a href='https:\/\/ressourcement-nature.com\/de\/files\/P1000969-e1523610519483.jpg'><img loading=\"lazy\" decoding=\"async\" width=\"150\" height=\"150\" src=\"https:\/\/ressourcement-nature.com\/de\/files\/P1000969-150x150.jpg\" class=\"attachment-thumbnail size-thumbnail\" alt=\"\" \/><\/a>\n\t\t\t<\/dt><\/dl><br style=\"clear: both\" \/>\n\t\t<\/div>\n\n<p>Das Studio steht auf einer Koppel mit traumhaftem Blick auf den Pic du Canigou, einem 2750m hohen Berg in den Pyren\u00e4en. Das Studio ist aus Holz gebaut, hat ein Doppelbett, ein umklappbares Sofa und ist ideal f\u00fcr 2 Leute. Im Au\u00dfenbereich gibt es eine gem\u00fctliche Veranda mit integrierter K\u00fcche und man kann die atemberaubende Aussicht auf den Canigou genie\u00dfen. Die kompost Toilette ist 20 m entfernt. Eine Duschkabine 50 m entfernt.<\/p>\n<p style=\"text-align: center;\">Unterkunft im Studio (2 Pers.)<strong> 45 \u20ac <\/strong>(inkl. Kurtax)<strong> pro Tag.<br \/>\n<\/strong><\/p>\n<h1 style=\"text-align: center;\"><\/h1>\n<h2 style=\"text-align: center;\"><strong>Carabane \u00ab\u00a0Gr\u00fcner Fee\u00a0\u00bb<\/strong><\/h2>\n\n\t\t<style type=\"text\/css\">\n\t\t\t#gallery-2 {\n\t\t\t\tmargin: auto;\n\t\t\t}\n\t\t\t#gallery-2 .gallery-item {\n\t\t\t\tfloat: left;\n\t\t\t\tmargin-top: 10px;\n\t\t\t\ttext-align: center;\n\t\t\t\twidth: 25%;\n\t\t\t}\n\t\t\t#gallery-2 img {\n\t\t\t\tborder: 2px solid #cfcfcf;\n\t\t\t}\n\t\t\t#gallery-2 .gallery-caption {\n\t\t\t\tmargin-left: 0;\n\t\t\t}\n\t\t\t\/* see gallery_shortcode() in wp-includes\/media.php *\/\n\t\t<\/style>\n\t\t<div id='gallery-2' class='gallery galleryid-111 gallery-columns-4 gallery-size-thumbnail'><dl class='gallery-item'>\n\t\t\t<dt class='gallery-icon landscape'>\n\t\t\t\t<a href='https:\/\/ressourcement-nature.com\/de\/files\/P1030659-e1437391815249.jpg'><img loading=\"lazy\" decoding=\"async\" width=\"150\" height=\"150\" src=\"https:\/\/ressourcement-nature.com\/de\/files\/P1030659-150x150.jpg\" class=\"attachment-thumbnail size-thumbnail\" alt=\"\" \/><\/a>\n\t\t\t<\/dt><\/dl><dl class='gallery-item'>\n\t\t\t<dt class='gallery-icon landscape'>\n\t\t\t\t<a href='https:\/\/ressourcement-nature.com\/de\/files\/P1030664-e1456219093507.jpg'><img loading=\"lazy\" decoding=\"async\" width=\"150\" height=\"150\" src=\"https:\/\/ressourcement-nature.com\/de\/files\/P1030664-150x150.jpg\" class=\"attachment-thumbnail size-thumbnail\" alt=\"\" \/><\/a>\n\t\t\t<\/dt><\/dl><dl class='gallery-item'>\n\t\t\t<dt class='gallery-icon landscape'>\n\t\t\t\t<a href='https:\/\/ressourcement-nature.com\/de\/files\/P1000976-e1523612044813.jpg'><img loading=\"lazy\" decoding=\"async\" width=\"150\" height=\"150\" src=\"https:\/\/ressourcement-nature.com\/de\/files\/P1000976-150x150.jpg\" class=\"attachment-thumbnail size-thumbnail\" alt=\"\" \/><\/a>\n\t\t\t<\/dt><\/dl><dl class='gallery-item'>\n\t\t\t<dt class='gallery-icon landscape'>\n\t\t\t\t<a href='https:\/\/ressourcement-nature.com\/de\/files\/P1000980-e1523612033886.jpg'><img loading=\"lazy\" decoding=\"async\" width=\"150\" height=\"150\" src=\"https:\/\/ressourcement-nature.com\/de\/files\/P1000980-150x150.jpg\" class=\"attachment-thumbnail size-thumbnail\" alt=\"\" \/><\/a>\n\t\t\t<\/dt><\/dl><br style=\"clear: both\" \/><dl class='gallery-item'>\n\t\t\t<dt class='gallery-icon landscape'>\n\t\t\t\t<a href='https:\/\/ressourcement-nature.com\/de\/files\/P1000981-e1523612018264.jpg'><img loading=\"lazy\" decoding=\"async\" width=\"150\" height=\"150\" src=\"https:\/\/ressourcement-nature.com\/de\/files\/P1000981-150x150.jpg\" class=\"attachment-thumbnail size-thumbnail\" alt=\"\" \/><\/a>\n\t\t\t<\/dt><\/dl><dl class='gallery-item'>\n\t\t\t<dt class='gallery-icon landscape'>\n\t\t\t\t<a href='https:\/\/ressourcement-nature.com\/de\/files\/P1000985.jpg'><img loading=\"lazy\" decoding=\"async\" width=\"150\" height=\"150\" src=\"https:\/\/ressourcement-nature.com\/de\/files\/P1000985-150x150.jpg\" class=\"attachment-thumbnail size-thumbnail\" alt=\"\" \/><\/a>\n\t\t\t<\/dt><\/dl><dl class='gallery-item'>\n\t\t\t<dt class='gallery-icon landscape'>\n\t\t\t\t<a href='https:\/\/ressourcement-nature.com\/de\/files\/P1000986.jpg'><img loading=\"lazy\" decoding=\"async\" width=\"150\" height=\"150\" src=\"https:\/\/ressourcement-nature.com\/de\/files\/P1000986-150x150.jpg\" class=\"attachment-thumbnail size-thumbnail\" alt=\"\" \/><\/a>\n\t\t\t<\/dt><\/dl><dl class='gallery-item'>\n\t\t\t<dt class='gallery-icon landscape'>\n\t\t\t\t<a href='https:\/\/ressourcement-nature.com\/de\/files\/P1000988.jpg'><img loading=\"lazy\" decoding=\"async\" width=\"150\" height=\"150\" src=\"https:\/\/ressourcement-nature.com\/de\/files\/P1000988-150x150.jpg\" class=\"attachment-thumbnail size-thumbnail\" alt=\"\" \/><\/a>\n\t\t\t<\/dt><\/dl><br style=\"clear: both\" \/>\n\t\t<\/div>\n\n<p>Der\u00a0 Wagen ist 100m von Roundpen entfernt und bietet Platz f\u00fcr zwei Personen.Der Wagen ist unter einen Holzveranda mit Essecke und mit sicht auf die Natur. es hat seine eigene Kompost Toilette neben dran. . Eine Duschkabine ist 50m entfernt.<\/p>\n<p style=\"text-align: center;\">Unterkunft\u00a0 \u00ab\u00a0Gr\u00fcner Fee\u00a0\u00bb\u00a0 (1 oder 2 Personen.)<strong> 35 \u20ac\u00a0<\/strong> pro Tag.<\/p>\n<h2 style=\"text-align: center;\">Der Zirkuswagen \u00ab\u00a0Nature\u00a0\u00bb<\/h2>\n\n\t\t<style type=\"text\/css\">\n\t\t\t#gallery-3 {\n\t\t\t\tmargin: auto;\n\t\t\t}\n\t\t\t#gallery-3 .gallery-item {\n\t\t\t\tfloat: left;\n\t\t\t\tmargin-top: 10px;\n\t\t\t\ttext-align: center;\n\t\t\t\twidth: 25%;\n\t\t\t}\n\t\t\t#gallery-3 img {\n\t\t\t\tborder: 2px solid #cfcfcf;\n\t\t\t}\n\t\t\t#gallery-3 .gallery-caption {\n\t\t\t\tmargin-left: 0;\n\t\t\t}\n\t\t\t\/* see gallery_shortcode() in wp-includes\/media.php *\/\n\t\t<\/style>\n\t\t<div id='gallery-3' class='gallery galleryid-111 gallery-columns-4 gallery-size-thumbnail'><dl class='gallery-item'>\n\t\t\t<dt class='gallery-icon landscape'>\n\t\t\t\t<a href='https:\/\/ressourcement-nature.com\/de\/files\/P1030656-e1454080376202.jpg'><img loading=\"lazy\" decoding=\"async\" width=\"150\" height=\"150\" src=\"https:\/\/ressourcement-nature.com\/de\/files\/P1030656-150x150.jpg\" class=\"attachment-thumbnail size-thumbnail\" alt=\"\" \/><\/a>\n\t\t\t<\/dt><\/dl><dl class='gallery-item'>\n\t\t\t<dt class='gallery-icon landscape'>\n\t\t\t\t<a href='https:\/\/ressourcement-nature.com\/de\/files\/P1030541-e1454080423489.jpg'><img loading=\"lazy\" decoding=\"async\" width=\"150\" height=\"150\" src=\"https:\/\/ressourcement-nature.com\/de\/files\/P1030541-150x150.jpg\" class=\"attachment-thumbnail size-thumbnail\" alt=\"\" srcset=\"https:\/\/ressourcement-nature.com\/de\/files\/P1030541-150x150.jpg 150w, https:\/\/ressourcement-nature.com\/de\/files\/P1030541-300x300.jpg 300w, https:\/\/ressourcement-nature.com\/de\/files\/P1030541-1024x1024.jpg 1024w, https:\/\/ressourcement-nature.com\/de\/files\/P1030541-e1454080423489.jpg 500w\" sizes=\"auto, (max-width: 150px) 100vw, 150px\" \/><\/a>\n\t\t\t<\/dt><\/dl><dl class='gallery-item'>\n\t\t\t<dt class='gallery-icon landscape'>\n\t\t\t\t<a href='https:\/\/ressourcement-nature.com\/de\/files\/P1030542-e1454080440510.jpg'><img loading=\"lazy\" decoding=\"async\" width=\"150\" height=\"150\" src=\"https:\/\/ressourcement-nature.com\/de\/files\/P1030542-150x150.jpg\" class=\"attachment-thumbnail size-thumbnail\" alt=\"\" srcset=\"https:\/\/ressourcement-nature.com\/de\/files\/P1030542-150x150.jpg 150w, https:\/\/ressourcement-nature.com\/de\/files\/P1030542-300x300.jpg 300w, https:\/\/ressourcement-nature.com\/de\/files\/P1030542-1024x1024.jpg 1024w, https:\/\/ressourcement-nature.com\/de\/files\/P1030542-e1454080440510.jpg 500w\" sizes=\"auto, (max-width: 150px) 100vw, 150px\" \/><\/a>\n\t\t\t<\/dt><\/dl><dl class='gallery-item'>\n\t\t\t<dt class='gallery-icon landscape'>\n\t\t\t\t<a href='https:\/\/ressourcement-nature.com\/de\/files\/P1030538.jpg'><img loading=\"lazy\" decoding=\"async\" width=\"150\" height=\"150\" src=\"https:\/\/ressourcement-nature.com\/de\/files\/P1030538-150x150.jpg\" class=\"attachment-thumbnail size-thumbnail\" alt=\"\" srcset=\"https:\/\/ressourcement-nature.com\/de\/files\/P1030538-150x150.jpg 150w, https:\/\/ressourcement-nature.com\/de\/files\/P1030538-300x300.jpg 300w, https:\/\/ressourcement-nature.com\/de\/files\/P1030538-1024x1024.jpg 1024w, https:\/\/ressourcement-nature.com\/de\/files\/P1030538.jpg 1536w\" sizes=\"auto, (max-width: 150px) 100vw, 150px\" \/><\/a>\n\t\t\t<\/dt><\/dl><br style=\"clear: both\" \/>\n\t\t<\/div>\n\n<p>Der ehemalige Zirkuswagen steht auf einer kleinen Lichtung etwa 100m vom Pferdestall entfernt. Man ist\u00a0 abgeschieden vom Dorf und kann die Ruhe der Natur genie\u00dfen. Die Roulotte hat ein Doppelbett und eine kleine integrierte K\u00fcche. F\u00fcr die, die Intimit\u00e4t suchen. Der Zirkuswagen hat seine eigene Kompost Toilette neben dran.<\/p>\n<p style=\"text-align: center;\">Unterkunft im Zirkuswagen\u00a0 (1 oder 2 Pers.)<strong> 35 \u20ac<\/strong>\u00a0 pro Tag.<\/p>\n<p style=\"text-align: center;\"><strong>\u00a0<\/strong><\/p>\n","protected":false},"excerpt":{"rendered":"<p>Unsere ungew\u00f6hnlichen Unterk\u00fcnfte sind ideal f\u00fcr alle, die gerne Einfachheit und Natur genie\u00dfen m\u00f6chten! Sie sind jeweils f\u00fcr 2 Personen und sind selbst gen\u00fcgsam. 2 N\u00e4chte minimum : Von 14 Juli bis\u00a0 Ende August : minimum 1 Woche Vermietung . &hellip; <a href=\"https:\/\/ressourcement-nature.com\/de\/unterkunft\/\">Continuer la lecture <span class=\"meta-nav\">&rarr;<\/span><\/a><\/p>\n","protected":false},"author":1,"featured_media":0,"parent":0,"menu_order":0,"comment_status":"closed","ping_status":"closed","template":"","meta":{"footnotes":""},"class_list":["post-111","page","type-page","status-publish","hentry"],"_links":{"self":[{"href":"https:\/\/ressourcement-nature.com\/de\/wp-json\/wp\/v2\/pages\/111","targetHints":{"allow":["GET"]}}],"collection":[{"href":"https:\/\/ressourcement-nature.com\/de\/wp-json\/wp\/v2\/pages"}],"about":[{"href":"https:\/\/ressourcement-nature.com\/de\/wp-json\/wp\/v2\/types\/page"}],"author":[{"embeddable":true,"href":"https:\/\/ressourcement-nature.com\/de\/wp-json\/wp\/v2\/users\/1"}],"replies":[{"embeddable":true,"href":"https:\/\/ressourcement-nature.com\/de\/wp-json\/wp\/v2\/comments?post=111"}],"version-history":[{"count":85,"href":"https:\/\/ressourcement-nature.com\/de\/wp-json\/wp\/v2\/pages\/111\/revisions"}],"predecessor-version":[{"id":1001,"href":"https:\/\/ressourcement-nature.com\/de\/wp-json\/wp\/v2\/pages\/111\/revisions\/1001"}],"wp:attachment":[{"href":"https:\/\/ressourcement-nature.com\/de\/wp-json\/wp\/v2\/media?parent=111"}],"curies":[{"name":"wp","href":"https:\/\/api.w.org\/{rel}","templated":true}]}}