{"id":164,"date":"2013-03-14T18:45:26","date_gmt":"2013-03-14T18:45:26","guid":{"rendered":"http:\/\/ressourcement-nature.com\/de\/?page_id=164"},"modified":"2023-03-06T19:29:16","modified_gmt":"2023-03-06T19:29:16","slug":"angebot","status":"publish","type":"page","link":"https:\/\/ressourcement-nature.com\/de\/angebot\/","title":{"rendered":"Reiten"},"content":{"rendered":"<p>Die unber\u00fchrte Landschaft l\u00e4dt uns ein, die Sch\u00f6nheit und Harmonie der Natur bewusst wahrzunehmen und in Kontakt mit der Welt der Tiere, Pflanzen und Mineralien zu treten. Das Ziel der Ausritte ist ein Klima des Vertrauens und Respekt zwischen Mensch, Pferd und Natur zu schaffen.<\/p>\n<h2>NEU ! Erste Einf\u00fchrung<\/h2>\n<p>Jeder Reitgeist bekommt vor dem ersten Ausritt ins Gel\u00e4nde, eine ca.2 Stunden Einf\u00fchrung, in der er lernt mit dem Pferd zu kommunizieren. Wir machen \u00dcbungen mit dem Pferd am Boden und werden im Roundpen reiten. Dies dient dazu sp\u00e4ter beim Ausritt mehr Sicherheit und Vertrauen zum Partner Pferd zu haben.<\/p>\n<h2>Ausritte<\/h2>\n<p>Von unserem Hof aus machen wir sternf\u00f6rmig 2-3 st\u00fcndige Ausritte in die sehr sch\u00f6ne und abwechslungsreiche Umgebung.<\/p>\n<h2>Tagesritte<\/h2>\n<p>Der Tagesritt beinhaltet circa 4-5 Stunden reiten.<\/p>\n<h1>Die Wanderritte finden in einem kleinen Rahmen von max. 4 Personen statt und haben in der Regel eine Dauer von 2-4 Tagen.<\/h1>\n<h1><strong>2-Tagesritte<\/strong><\/h1>\n<p>Wir reiten in die Haute-Corbi\u00e8ren und \u00fcbernachten im Freien oder im Zelt am Fluss oder an einem See.<\/p>\n\n\t\t<style type=\"text\/css\">\n\t\t\t#gallery-1 {\n\t\t\t\tmargin: auto;\n\t\t\t}\n\t\t\t#gallery-1 .gallery-item {\n\t\t\t\tfloat: left;\n\t\t\t\tmargin-top: 10px;\n\t\t\t\ttext-align: center;\n\t\t\t\twidth: 50%;\n\t\t\t}\n\t\t\t#gallery-1 img {\n\t\t\t\tborder: 2px solid #cfcfcf;\n\t\t\t}\n\t\t\t#gallery-1 .gallery-caption {\n\t\t\t\tmargin-left: 0;\n\t\t\t}\n\t\t\t\/* see gallery_shortcode() in wp-includes\/media.php *\/\n\t\t<\/style>\n\t\t<div id='gallery-1' class='gallery galleryid-164 gallery-columns-2 gallery-size-medium'><dl class='gallery-item'>\n\t\t\t<dt class='gallery-icon landscape'>\n\t\t\t\t<a href='https:\/\/ressourcement-nature.com\/de\/files\/P1120494.jpg'><img loading=\"lazy\" decoding=\"async\" width=\"300\" height=\"200\" src=\"https:\/\/ressourcement-nature.com\/de\/files\/P1120494-300x200.jpg\" class=\"attachment-medium size-medium\" alt=\"\" aria-describedby=\"gallery-1-429\" srcset=\"https:\/\/ressourcement-nature.com\/de\/files\/P1120494-300x200.jpg 300w, https:\/\/ressourcement-nature.com\/de\/files\/P1120494-450x300.jpg 450w, https:\/\/ressourcement-nature.com\/de\/files\/P1120494.jpg 480w\" sizes=\"auto, (max-width: 300px) 100vw, 300px\" \/><\/a>\n\t\t\t<\/dt>\n\t\t\t\t<dd class='wp-caption-text gallery-caption' id='gallery-1-429'>\n\t\t\t\tReiten in s\u00fcdfrankreich\n\t\t\t\t<\/dd><\/dl><dl class='gallery-item'>\n\t\t\t<dt class='gallery-icon landscape'>\n\t\t\t\t<a href='https:\/\/ressourcement-nature.com\/de\/files\/P1120445.jpg'><img loading=\"lazy\" decoding=\"async\" width=\"300\" height=\"200\" src=\"https:\/\/ressourcement-nature.com\/de\/files\/P1120445-300x200.jpg\" class=\"attachment-medium size-medium\" alt=\"\" aria-describedby=\"gallery-1-428\" srcset=\"https:\/\/ressourcement-nature.com\/de\/files\/P1120445-300x200.jpg 300w, https:\/\/ressourcement-nature.com\/de\/files\/P1120445-450x300.jpg 450w, https:\/\/ressourcement-nature.com\/de\/files\/P1120445.jpg 480w\" sizes=\"auto, (max-width: 300px) 100vw, 300px\" \/><\/a>\n\t\t\t<\/dt>\n\t\t\t\t<dd class='wp-caption-text gallery-caption' id='gallery-1-428'>\n\t\t\t\tReiten in s\u00fcdfrankreich\n\t\t\t\t<\/dd><\/dl><br style=\"clear: both\" \/><dl class='gallery-item'>\n\t\t\t<dt class='gallery-icon landscape'>\n\t\t\t\t<a href='https:\/\/ressourcement-nature.com\/de\/files\/P1120419.jpg'><img loading=\"lazy\" decoding=\"async\" width=\"300\" height=\"200\" src=\"https:\/\/ressourcement-nature.com\/de\/files\/P1120419-300x200.jpg\" class=\"attachment-medium size-medium\" alt=\"\" aria-describedby=\"gallery-1-427\" srcset=\"https:\/\/ressourcement-nature.com\/de\/files\/P1120419-300x200.jpg 300w, https:\/\/ressourcement-nature.com\/de\/files\/P1120419-450x300.jpg 450w, https:\/\/ressourcement-nature.com\/de\/files\/P1120419.jpg 480w\" sizes=\"auto, (max-width: 300px) 100vw, 300px\" \/><\/a>\n\t\t\t<\/dt>\n\t\t\t\t<dd class='wp-caption-text gallery-caption' id='gallery-1-427'>\n\t\t\t\tReiten in s\u00fcdfrankreich\n\t\t\t\t<\/dd><\/dl><dl class='gallery-item'>\n\t\t\t<dt class='gallery-icon landscape'>\n\t\t\t\t<a href='https:\/\/ressourcement-nature.com\/de\/files\/DSC04540.jpg'><img loading=\"lazy\" decoding=\"async\" width=\"300\" height=\"225\" src=\"https:\/\/ressourcement-nature.com\/de\/files\/DSC04540-300x225.jpg\" class=\"attachment-medium size-medium\" alt=\"\" aria-describedby=\"gallery-1-776\" srcset=\"https:\/\/ressourcement-nature.com\/de\/files\/DSC04540-300x225.jpg 300w, https:\/\/ressourcement-nature.com\/de\/files\/DSC04540-768x576.jpg 768w, https:\/\/ressourcement-nature.com\/de\/files\/DSC04540-1024x768.jpg 1024w, https:\/\/ressourcement-nature.com\/de\/files\/DSC04540-400x300.jpg 400w\" sizes=\"auto, (max-width: 300px) 100vw, 300px\" \/><\/a>\n\t\t\t<\/dt>\n\t\t\t\t<dd class='wp-caption-text gallery-caption' id='gallery-1-776'>\n\t\t\t\tReiten in s\u00fcdfrankreich\n\t\t\t\t<\/dd><\/dl><br style=\"clear: both\" \/><dl class='gallery-item'>\n\t\t\t<dt class='gallery-icon landscape'>\n\t\t\t\t<a href='https:\/\/ressourcement-nature.com\/de\/files\/IMG_9039.jpg'><img loading=\"lazy\" decoding=\"async\" width=\"300\" height=\"200\" src=\"https:\/\/ressourcement-nature.com\/de\/files\/IMG_9039-300x200.jpg\" class=\"attachment-medium size-medium\" alt=\"\" aria-describedby=\"gallery-1-775\" srcset=\"https:\/\/ressourcement-nature.com\/de\/files\/IMG_9039-300x200.jpg 300w, https:\/\/ressourcement-nature.com\/de\/files\/IMG_9039-768x512.jpg 768w, https:\/\/ressourcement-nature.com\/de\/files\/IMG_9039-1024x683.jpg 1024w, https:\/\/ressourcement-nature.com\/de\/files\/IMG_9039-450x300.jpg 450w\" sizes=\"auto, (max-width: 300px) 100vw, 300px\" \/><\/a>\n\t\t\t<\/dt>\n\t\t\t\t<dd class='wp-caption-text gallery-caption' id='gallery-1-775'>\n\t\t\t\tReiten in s\u00fcdfrankreich\n\t\t\t\t<\/dd><\/dl><dl class='gallery-item'>\n\t\t\t<dt class='gallery-icon landscape'>\n\t\t\t\t<a href='https:\/\/ressourcement-nature.com\/de\/files\/DSC04563.jpg'><img loading=\"lazy\" decoding=\"async\" width=\"300\" height=\"225\" src=\"https:\/\/ressourcement-nature.com\/de\/files\/DSC04563-300x225.jpg\" class=\"attachment-medium size-medium\" alt=\"\" aria-describedby=\"gallery-1-774\" srcset=\"https:\/\/ressourcement-nature.com\/de\/files\/DSC04563-300x225.jpg 300w, https:\/\/ressourcement-nature.com\/de\/files\/DSC04563-768x576.jpg 768w, https:\/\/ressourcement-nature.com\/de\/files\/DSC04563-1024x768.jpg 1024w, https:\/\/ressourcement-nature.com\/de\/files\/DSC04563-400x300.jpg 400w\" sizes=\"auto, (max-width: 300px) 100vw, 300px\" \/><\/a>\n\t\t\t<\/dt>\n\t\t\t\t<dd class='wp-caption-text gallery-caption' id='gallery-1-774'>\n\t\t\t\tReiten in s\u00fcdfrankreich\n\t\t\t\t<\/dd><\/dl><br style=\"clear: both\" \/><dl class='gallery-item'>\n\t\t\t<dt class='gallery-icon portrait'>\n\t\t\t\t<a href='https:\/\/ressourcement-nature.com\/de\/files\/P1100414-e1497680542918.jpg'><img loading=\"lazy\" decoding=\"async\" width=\"200\" height=\"300\" src=\"https:\/\/ressourcement-nature.com\/de\/files\/P1100414-e1497680542918-200x300.jpg\" class=\"attachment-medium size-medium\" alt=\"\" srcset=\"https:\/\/ressourcement-nature.com\/de\/files\/P1100414-e1497680542918-200x300.jpg 200w, https:\/\/ressourcement-nature.com\/de\/files\/P1100414-e1497680542918-768x1150.jpg 768w, https:\/\/ressourcement-nature.com\/de\/files\/P1100414-e1497680542918-684x1024.jpg 684w, https:\/\/ressourcement-nature.com\/de\/files\/P1100414-e1497680542918.jpg 1336w\" sizes=\"auto, (max-width: 200px) 100vw, 200px\" \/><\/a>\n\t\t\t<\/dt><\/dl><dl class='gallery-item'>\n\t\t\t<dt class='gallery-icon portrait'>\n\t\t\t\t<a href='https:\/\/ressourcement-nature.com\/de\/files\/IMG_8993.jpg'><img loading=\"lazy\" decoding=\"async\" width=\"200\" height=\"300\" src=\"https:\/\/ressourcement-nature.com\/de\/files\/IMG_8993-200x300.jpg\" class=\"attachment-medium size-medium\" alt=\"\" srcset=\"https:\/\/ressourcement-nature.com\/de\/files\/IMG_8993-200x300.jpg 200w, https:\/\/ressourcement-nature.com\/de\/files\/IMG_8993.jpg 320w\" sizes=\"auto, (max-width: 200px) 100vw, 200px\" \/><\/a>\n\t\t\t<\/dt><\/dl><br style=\"clear: both\" \/>\n\t\t<\/div>\n\n<h1><\/h1>\n<h1><strong>Abenteuer Trekkingtour<\/strong><\/h1>\n<p>Die Tour f\u00e4ngt um 10 Uhr morgens an und endet am Tag 6 nach dem Mittagessen. Wenn Ihr die Nacht davor ankommen wollt , k\u00f6nnt Ihr gerne eine \u00fcbernachtung bei uns buchen ( je nach m\u00f6glichkeit ). Bitte siehe Unterkunft.<\/p>\n<p>Unterwegs sein mit Pferden, kochen am Lagerfeuer, \u00fcbernachten im Zelt oder in einer Herberge. Die Tour besteht aus einem Ausritt zum kennenlernen der Pferde, danach folgt ein 4-Tage Wanderritt (Gep\u00e4ck wird auf den Pferden mitgenommen) und zum Schluss machen wir noch einen Ausritt zum Ausklang. Diese Tour kann je nach Jahreszeit und individuellen W\u00fcnschen variieren.<\/p>\n<p><span style=\"text-decoration: underline;\">Bitte beachten Sie bei allen Touren mit \u00dcbernachtung:<\/span> Schlafsack, kleine Luftmatratze, Regenkleidung und Sonnenhut, ggf. warme Kleidung und umweltvertr\u00e4gliche Seife\/Shampoo mitnehmen! Die Reittouren finden auch bei eingeschr\u00e4nkten Witterungsbedingungen statt. Wir gehen jedoch in besonderen Situationen gerne auf Ihre W\u00fcnsche ein.<\/p>\n<h2><span style=\"color: #000000;\"><strong>Preise<\/strong><\/span><\/h2>\n<p><span style=\"color: #333333;\"><strong>Unterricht Einzelstunden \u00a0 \u00a0\u00a0 \u00a0\u00a0\u00a0\u00a0\u00a0\u00a0\u00a0\u00a0\u00a0\u00a0\u00a0\u00a0\u00a0\u00a0\u00a0\u00a0\u00a0\u00a0\u00a0\u00a0\u00a0\u00a0\u00a0\u00a0\u00a0\u00a0\u00a0\u00a0\u00a0\u00a0\u00a0\u00a0\u00a0\u00a0\u00a0\u00a0\u00a0<\/strong> 50\u20ac <\/span><\/p>\n<p><span style=\"color: #333333;\"><strong>Ausritte \u00a0<\/strong> \u00a0 \u00a0 \u00a0 \u00a0 \u00a0 \u00a0 \u00a0 \u00a0 \u00a0 \u00a0 \u00a0 \u00a0 \u00a0 \u00a0 \u00a0 \u00a0 \u00a0 \u00a0 \u00a0 \u00a0 \u00a0 \u00a0 \u00a0 \u00a0 \u00a0 \u00a0 \u00a0 \u00a0 \u00a0 \u00a0 \u00a0 \u00a0 \u00a0 \u00a0 \u00a0\u00a0\u00a0 25 \u20ac\/Stunde<\/span><\/p>\n<p><span style=\"color: #333333;\"><strong>Tagesritt\u00a0\u00a0 \u00a0<\/strong> \u00a0 \u00a0 \u00a0 \u00a0 \u00a0 \u00a0 \u00a0 \u00a0 \u00a0 \u00a0 \u00a0 \u00a0 \u00a0 \u00a0 \u00a0 \u00a0 \u00a0 \u00a0 \u00a0 \u00a0 \u00a0 \u00a0 \u00a0 \u00a0 \u00a0 \u00a0 \u00a0 \u00a0 \u00a0 \u00a0 \u00a0 \u00a0 \u00a0 \u00a0 \u00a0 \u00a0 90 \u20ac<\/span><\/p>\n<p><span style=\"color: #333333;\"><strong>2 Tagesritt \u00a0<\/strong> \u00a0 \u00a0 \u00a0 \u00a0 \u00a0 \u00a0 \u00a0 \u00a0 \u00a0 \u00a0 \u00a0 \u00a0 \u00a0 \u00a0 \u00a0 \u00a0 \u00a0 \u00a0\u00a0\u00a0\u00a0\u00a0\u00a0\u00a0\u00a0\u00a0\u00a0\u00a0\u00a0\u00a0\u00a0\u00a0\u00a0\u00a0\u00a0\u00a0\u00a0\u00a0\u00a0\u00a0\u00a0\u00a0\u00a0\u00a0\u00a0\u00a0\u00a0 \u00a0\u00a0\u00a0 195 \u20ac<\/span><\/p>\n<p><span style=\"color: #333333;\"><strong>Abenteuer Trekkingtour<\/strong> \u00a0\u00a0\u00a0\u00a0\u00a0\u00a0\u00a0\u00a0\u00a0\u00a0\u00a0\u00a0\u00a0\u00a0\u00a0\u00a0\u00a0 \u00a0 \u00a0 \u00a0 \u00a0 \u00a0 \u00a0 \u00a0 \u00a0 \u00a0 \u00a0 \u00a0 \u00a0 \u00a0 \u00a0\u00a0 880 \u20ac<\/span><\/p>\n<p class=\"weg\"><span style=\"color: #333300;\"><em>F\u00fcr alle Reitaktivit\u00e4ten empfehlen wir:<\/em><\/span><\/p>\n<p><span style=\"color: #333300;\"><em>Das Tragen eines Reithelms und den Abschluss einer Unfallversicherung.<\/em><\/span><br \/>\n<span style=\"color: #333300;\"> <em> Alle Angebote mit den Pferden werden von uns mit gr\u00f6\u00dfter Sorgfalt geplant und vorbereitet. Die eingesetzten Pferde sind gut ausgebildet und auf die Aufgaben vorbereitet. Trotzdem: Pferde sind lebende Begleiter und Unf\u00e4lle k\u00f6nnen niemals hundertprozentig<\/em> ausgeschlossen werden. <em>Die Teilnahme an allen Angeboten erfolgt auf eigene Verantwortung.<\/em><\/span><\/p>\n","protected":false},"excerpt":{"rendered":"<p>Die unber\u00fchrte Landschaft l\u00e4dt uns ein, die Sch\u00f6nheit und Harmonie der Natur bewusst wahrzunehmen und in Kontakt mit der Welt der Tiere, Pflanzen und Mineralien zu treten. Das Ziel der Ausritte ist ein Klima des Vertrauens und Respekt zwischen Mensch, &hellip; <a href=\"https:\/\/ressourcement-nature.com\/de\/angebot\/\">Continuer la lecture <span class=\"meta-nav\">&rarr;<\/span><\/a><\/p>\n","protected":false},"author":1,"featured_media":0,"parent":0,"menu_order":0,"comment_status":"closed","ping_status":"closed","template":"","meta":{"footnotes":""},"class_list":["post-164","page","type-page","status-publish","hentry"],"_links":{"self":[{"href":"https:\/\/ressourcement-nature.com\/de\/wp-json\/wp\/v2\/pages\/164","targetHints":{"allow":["GET"]}}],"collection":[{"href":"https:\/\/ressourcement-nature.com\/de\/wp-json\/wp\/v2\/pages"}],"about":[{"href":"https:\/\/ressourcement-nature.com\/de\/wp-json\/wp\/v2\/types\/page"}],"author":[{"embeddable":true,"href":"https:\/\/ressourcement-nature.com\/de\/wp-json\/wp\/v2\/users\/1"}],"replies":[{"embeddable":true,"href":"https:\/\/ressourcement-nature.com\/de\/wp-json\/wp\/v2\/comments?post=164"}],"version-history":[{"count":67,"href":"https:\/\/ressourcement-nature.com\/de\/wp-json\/wp\/v2\/pages\/164\/revisions"}],"predecessor-version":[{"id":1002,"href":"https:\/\/ressourcement-nature.com\/de\/wp-json\/wp\/v2\/pages\/164\/revisions\/1002"}],"wp:attachment":[{"href":"https:\/\/ressourcement-nature.com\/de\/wp-json\/wp\/v2\/media?parent=164"}],"curies":[{"name":"wp","href":"https:\/\/api.w.org\/{rel}","templated":true}]}}