{"id":4,"date":"2012-03-19T14:12:27","date_gmt":"2012-03-19T14:12:27","guid":{"rendered":"http:\/\/ressourcement-nature.com\/de\/?page_id=4"},"modified":"2019-08-22T13:15:19","modified_gmt":"2019-08-22T13:15:19","slug":"start","status":"publish","type":"page","link":"https:\/\/ressourcement-nature.com\/de\/","title":{"rendered":"Willkommen!"},"content":{"rendered":"\n\t\t<style type=\"text\/css\">\n\t\t\t#gallery-1 {\n\t\t\t\tmargin: auto;\n\t\t\t}\n\t\t\t#gallery-1 .gallery-item {\n\t\t\t\tfloat: left;\n\t\t\t\tmargin-top: 10px;\n\t\t\t\ttext-align: center;\n\t\t\t\twidth: 33%;\n\t\t\t}\n\t\t\t#gallery-1 img {\n\t\t\t\tborder: 2px solid #cfcfcf;\n\t\t\t}\n\t\t\t#gallery-1 .gallery-caption {\n\t\t\t\tmargin-left: 0;\n\t\t\t}\n\t\t\t\/* see gallery_shortcode() in wp-includes\/media.php *\/\n\t\t<\/style>\n\t\t<div id='gallery-1' class='gallery galleryid-4 gallery-columns-3 gallery-size-thumbnail'><dl class='gallery-item'>\n\t\t\t<dt class='gallery-icon landscape'>\n\t\t\t\t<a href='https:\/\/ressourcement-nature.com\/de\/files\/P1020757.jpg'><img loading=\"lazy\" decoding=\"async\" width=\"150\" height=\"150\" src=\"https:\/\/ressourcement-nature.com\/de\/files\/P1020757-150x150.jpg\" class=\"attachment-thumbnail size-thumbnail\" alt=\"\" \/><\/a>\n\t\t\t<\/dt><\/dl><dl class='gallery-item'>\n\t\t\t<dt class='gallery-icon landscape'>\n\t\t\t\t<a href='https:\/\/ressourcement-nature.com\/de\/files\/P1020852.jpg'><img loading=\"lazy\" decoding=\"async\" width=\"150\" height=\"150\" src=\"https:\/\/ressourcement-nature.com\/de\/files\/P1020852-150x150.jpg\" class=\"attachment-thumbnail size-thumbnail\" alt=\"\" \/><\/a>\n\t\t\t<\/dt><\/dl><dl class='gallery-item'>\n\t\t\t<dt class='gallery-icon landscape'>\n\t\t\t\t<a href='https:\/\/ressourcement-nature.com\/de\/files\/haus2.jpg'><img loading=\"lazy\" decoding=\"async\" width=\"150\" height=\"150\" src=\"https:\/\/ressourcement-nature.com\/de\/files\/haus2-150x150.jpg\" class=\"attachment-thumbnail size-thumbnail\" alt=\"\" \/><\/a>\n\t\t\t<\/dt><\/dl><br style=\"clear: both\" \/>\n\t\t<\/div>\n\n<h2>Unser Selbstbesinnungszentrum l\u00e4dt dazu ein K\u00f6rper, Geist und Seele in Einklang zu bringen. Die Natur und die Pferde f\u00f6rdern ein einfaches, authentisches Sein und tiefe Entspannung.<\/h2>\n<h2>\u00a0Andreas<\/h2>\n<p><a href=\"https:\/\/ressourcement-nature.com\/de\/files\/chevaux-03-andin-im-gruen.jpg\"><img loading=\"lazy\" decoding=\"async\" class=\"alignleft wp-image-84 size-thumbnail\" src=\"https:\/\/ressourcement-nature.com\/de\/files\/chevaux-03-andin-im-gruen-150x150.jpg\" alt=\"Reiten auf der Weide mit Takima\" width=\"150\" height=\"150\" \/><\/a> <span style=\"color: #000000;\">Schon als Kind hat mich die Verbindung Pferd-Mensch-Natur fasziniert. Ich habe viel Zeit mit meinem Opa und dessen Pferden verbracht. Als Jugendlicher habe ich von einem einfachen Leben mit Pferden in der Natur getr\u00e4umt, was ich dann mit 21 Jahren, als ich nach Frankreich ging, verwirklicht habe. Mit der Zeit habe ich vieles, was mit Pferden zu tun hat (Ausbildung und Arbeit mit Pferden, Hufbeschlag und Heilen von Pferden) gelernt. Dabei waren die Pferde meine gr\u00f6\u00dften Lehrmeister. Es war mir immer wichtig, m\u00f6glichst autark zu leben. Als ausgebildeter Zimmermann lernte ich alle weiteren Handwerke, die<\/span> <span style=\"color: #000000;\">zum Bauen erforderlich sind. In den letzten Jahren, habe ich mich f\u00fcr Pers\u00f6nlichkeitsentwicklung mit Pferden interessiert.<strong><br \/>\n<\/strong><\/span><\/p>\n<p>&nbsp;<\/p>\n","protected":false},"excerpt":{"rendered":"<p>Unser Selbstbesinnungszentrum l\u00e4dt dazu ein K\u00f6rper, Geist und Seele in Einklang zu bringen. Die Natur und die Pferde f\u00f6rdern ein einfaches, authentisches Sein und tiefe Entspannung. \u00a0Andreas Schon als Kind hat mich die Verbindung Pferd-Mensch-Natur fasziniert. Ich habe viel Zeit &hellip; <a href=\"https:\/\/ressourcement-nature.com\/de\/\">Continuer la lecture <span class=\"meta-nav\">&rarr;<\/span><\/a><\/p>\n","protected":false},"author":1,"featured_media":0,"parent":0,"menu_order":0,"comment_status":"closed","ping_status":"closed","template":"","meta":{"footnotes":""},"class_list":["post-4","page","type-page","status-publish","hentry"],"_links":{"self":[{"href":"https:\/\/ressourcement-nature.com\/de\/wp-json\/wp\/v2\/pages\/4","targetHints":{"allow":["GET"]}}],"collection":[{"href":"https:\/\/ressourcement-nature.com\/de\/wp-json\/wp\/v2\/pages"}],"about":[{"href":"https:\/\/ressourcement-nature.com\/de\/wp-json\/wp\/v2\/types\/page"}],"author":[{"embeddable":true,"href":"https:\/\/ressourcement-nature.com\/de\/wp-json\/wp\/v2\/users\/1"}],"replies":[{"embeddable":true,"href":"https:\/\/ressourcement-nature.com\/de\/wp-json\/wp\/v2\/comments?post=4"}],"version-history":[{"count":62,"href":"https:\/\/ressourcement-nature.com\/de\/wp-json\/wp\/v2\/pages\/4\/revisions"}],"predecessor-version":[{"id":990,"href":"https:\/\/ressourcement-nature.com\/de\/wp-json\/wp\/v2\/pages\/4\/revisions\/990"}],"wp:attachment":[{"href":"https:\/\/ressourcement-nature.com\/de\/wp-json\/wp\/v2\/media?parent=4"}],"curies":[{"name":"wp","href":"https:\/\/api.w.org\/{rel}","templated":true}]}}