{"id":6,"date":"2012-03-19T14:12:41","date_gmt":"2012-03-19T14:12:41","guid":{"rendered":"http:\/\/ressourcement-nature.com\/de\/?page_id=6"},"modified":"2017-01-23T12:29:14","modified_gmt":"2017-01-23T12:29:14","slug":"pferde","status":"publish","type":"page","link":"https:\/\/ressourcement-nature.com\/de\/pferde\/","title":{"rendered":"Pers\u00f6nlichkeitsentwicklung mit Pferden"},"content":{"rendered":"<p>Unsere kleine Herde von 6 Pferden besteht aus 5 Wallachen, eine Stute. Alle leben ganzj\u00e4hrig auf gro\u00dfen Weiden und bekommen nur, wenn sie im Stall sind, etwas Futter. Sie ern\u00e4hren sich von dem was die Natur ihnen bietet und sind somit robust und unabh\u00e4ngig. Drei von ihnen sind auf dem Hof aufgewachsen, andere habe ich geschenkt bekommen oder gekauft. Sie haben alle unterschiedliche Charaktere, sind verh\u00e4ltnism\u00e4\u00dfig ausgeglichen und hervorragende, nat\u00fcrliche Therapeuten. Sie sind immer authentisch, im Hier und Jetzt und spiegeln unsere wahren Gef\u00fchle wider. Man kann sie nicht durch \u00c4u\u00dferlichkeiten t\u00e4uschen und sie t\u00e4uschen uns nicht, denn sie sehen direkt in unsere Seele.<\/p>\n\n\t\t<style type=\"text\/css\">\n\t\t\t#gallery-1 {\n\t\t\t\tmargin: auto;\n\t\t\t}\n\t\t\t#gallery-1 .gallery-item {\n\t\t\t\tfloat: left;\n\t\t\t\tmargin-top: 10px;\n\t\t\t\ttext-align: center;\n\t\t\t\twidth: 33%;\n\t\t\t}\n\t\t\t#gallery-1 img {\n\t\t\t\tborder: 2px solid #cfcfcf;\n\t\t\t}\n\t\t\t#gallery-1 .gallery-caption {\n\t\t\t\tmargin-left: 0;\n\t\t\t}\n\t\t\t\/* see gallery_shortcode() in wp-includes\/media.php *\/\n\t\t<\/style>\n\t\t<div id='gallery-1' class='gallery galleryid-6 gallery-columns-3 gallery-size-thumbnail'><dl class='gallery-item'>\n\t\t\t<dt class='gallery-icon landscape'>\n\t\t\t\t<a href='https:\/\/ressourcement-nature.com\/de\/files\/chevaux-08-pferde.jpg'><img loading=\"lazy\" decoding=\"async\" width=\"150\" height=\"150\" src=\"https:\/\/ressourcement-nature.com\/de\/files\/chevaux-08-pferde-150x150.jpg\" class=\"attachment-thumbnail size-thumbnail\" alt=\"\" \/><\/a>\n\t\t\t<\/dt><\/dl><dl class='gallery-item'>\n\t\t\t<dt class='gallery-icon landscape'>\n\t\t\t\t<a href='https:\/\/ressourcement-nature.com\/de\/files\/P1120280.jpg'><img loading=\"lazy\" decoding=\"async\" width=\"150\" height=\"150\" src=\"https:\/\/ressourcement-nature.com\/de\/files\/P1120280-150x150.jpg\" class=\"attachment-thumbnail size-thumbnail\" alt=\"\" \/><\/a>\n\t\t\t<\/dt><\/dl><dl class='gallery-item'>\n\t\t\t<dt class='gallery-icon landscape'>\n\t\t\t\t<a href='https:\/\/ressourcement-nature.com\/de\/files\/P1120392.jpg'><img loading=\"lazy\" decoding=\"async\" width=\"150\" height=\"150\" src=\"https:\/\/ressourcement-nature.com\/de\/files\/P1120392-150x150.jpg\" class=\"attachment-thumbnail size-thumbnail\" alt=\"\" \/><\/a>\n\t\t\t<\/dt><\/dl><br style=\"clear: both\" \/><dl class='gallery-item'>\n\t\t\t<dt class='gallery-icon portrait'>\n\t\t\t\t<a href='https:\/\/ressourcement-nature.com\/de\/files\/P1120159.jpg'><img loading=\"lazy\" decoding=\"async\" width=\"150\" height=\"150\" src=\"https:\/\/ressourcement-nature.com\/de\/files\/P1120159-150x150.jpg\" class=\"attachment-thumbnail size-thumbnail\" alt=\"\" \/><\/a>\n\t\t\t<\/dt><\/dl><dl class='gallery-item'>\n\t\t\t<dt class='gallery-icon landscape'>\n\t\t\t\t<a href='https:\/\/ressourcement-nature.com\/de\/files\/P1120039.jpg'><img loading=\"lazy\" decoding=\"async\" width=\"150\" height=\"150\" src=\"https:\/\/ressourcement-nature.com\/de\/files\/P1120039-150x150.jpg\" class=\"attachment-thumbnail size-thumbnail\" alt=\"\" \/><\/a>\n\t\t\t<\/dt><\/dl><dl class='gallery-item'>\n\t\t\t<dt class='gallery-icon landscape'>\n\t\t\t\t<a href='https:\/\/ressourcement-nature.com\/de\/files\/P1120147.jpg'><img loading=\"lazy\" decoding=\"async\" width=\"150\" height=\"150\" src=\"https:\/\/ressourcement-nature.com\/de\/files\/P1120147-150x150.jpg\" class=\"attachment-thumbnail size-thumbnail\" alt=\"\" \/><\/a>\n\t\t\t<\/dt><\/dl><br style=\"clear: both\" \/>\n\t\t<\/div>\n\n<p>Die Pers\u00f6nlichkeitsentwicklung mit Pferden beinhaltet verschiedene Aspekte:<\/p>\n<h2>1) Sich seiner K\u00f6rpersprache bewusst werden (nonverbale Kommunikation)<\/h2>\n<p>Menschen k\u00f6nnen mit Pferden haupts\u00e4chlich \u00fcber K\u00f6rpersprache, aber auch \u00fcber die Stimme kommunizieren. Dabei ist nicht die Wortwahl wichtig, sondern die Energie, die hinter den Worten steht. Auch bei einem Gespr\u00e4ch unter Menschen finden ca. 90 Prozent nonverbal statt. Stimmen innere Haltung und \u00e4u\u00dferes Verhalten nicht \u00fcberein, dann kommt es beim Gegen\u00fcber zu Verwirrung.<\/p>\n<h2>2) Entwicklung seiner F\u00fchrungsqualit\u00e4ten<\/h2>\n<p>Pferde sind oft starke Pers\u00f6nlichkeiten. Um ein Miteinander herzustellen, muss man teilweise die F\u00fchrung \u00fcbernehmen. Dies f\u00e4llt uns dann schwer, wenn wir diese Qualit\u00e4ten nicht oder ungen\u00fcgend entwickelt haben.<\/p>\n<h2>3) Sein inneres Gleichgewicht finden<\/h2>\n<p>Um ein Pferd ohne Sattel reiten zu k\u00f6nnen, muss der K\u00f6rper im Gleichgewicht sein. Da \u00e4u\u00dferes und inneres Gleichgewicht nicht voneinander getrennt sind, unterst\u00fctzt uns das Reiten dabei, unser inneres Gleichgewicht zu finden.<\/p>\n<h2>4) Sich und andere respektieren<\/h2>\n<p>Im Kontakt mit Pferden, ist es wichtig, dass man sie als das respektiert, was sie sind:\u00a0 sanfte einf\u00fchlsame Wesen. In bestimmten Situationen k\u00f6nnen sie aber auch aggressiv oder \u00e4ngstlich sein. Ebenfalls m\u00fcssen Pferde uns respektieren. Dies erreichen wir, indem wir ihnen ruhig aber bestimmt unsere Grenzen aufzeigen.<\/p>\n<h2>5) Seine \u00c4ngste \u00fcberwinden<\/h2>\n<p>Pferde helfen einem eigene \u00c4ngste zu \u00fcberwinden, weil sie sanft und einf\u00fchlsam sind.<\/p>\n<h2>6) Im Hier und Jetzt sein<\/h2>\n<p>Wenn man mit Pferden arbeitet, zeigen sie uns durch ihr Verhalten sofort, wenn wir unkonzentriert sind und aus der Gegenwart abdriften. Das subtile Band zwischen Pferd und Mensch bricht dann ab und jeder steht nur noch f\u00fcr sich alleine da.<\/p>\n<p>&nbsp;<\/p>\n<p>&nbsp;<\/p>\n","protected":false},"excerpt":{"rendered":"<p>Unsere kleine Herde von 6 Pferden besteht aus 5 Wallachen, eine Stute. Alle leben ganzj\u00e4hrig auf gro\u00dfen Weiden und bekommen nur, wenn sie im Stall sind, etwas Futter. Sie ern\u00e4hren sich von dem was die Natur ihnen bietet und sind &hellip; <a href=\"https:\/\/ressourcement-nature.com\/de\/pferde\/\">Continuer la lecture <span class=\"meta-nav\">&rarr;<\/span><\/a><\/p>\n","protected":false},"author":1,"featured_media":0,"parent":0,"menu_order":0,"comment_status":"closed","ping_status":"closed","template":"","meta":{"footnotes":""},"class_list":["post-6","page","type-page","status-publish","hentry"],"_links":{"self":[{"href":"https:\/\/ressourcement-nature.com\/de\/wp-json\/wp\/v2\/pages\/6","targetHints":{"allow":["GET"]}}],"collection":[{"href":"https:\/\/ressourcement-nature.com\/de\/wp-json\/wp\/v2\/pages"}],"about":[{"href":"https:\/\/ressourcement-nature.com\/de\/wp-json\/wp\/v2\/types\/page"}],"author":[{"embeddable":true,"href":"https:\/\/ressourcement-nature.com\/de\/wp-json\/wp\/v2\/users\/1"}],"replies":[{"embeddable":true,"href":"https:\/\/ressourcement-nature.com\/de\/wp-json\/wp\/v2\/comments?post=6"}],"version-history":[{"count":20,"href":"https:\/\/ressourcement-nature.com\/de\/wp-json\/wp\/v2\/pages\/6\/revisions"}],"predecessor-version":[{"id":693,"href":"https:\/\/ressourcement-nature.com\/de\/wp-json\/wp\/v2\/pages\/6\/revisions\/693"}],"wp:attachment":[{"href":"https:\/\/ressourcement-nature.com\/de\/wp-json\/wp\/v2\/media?parent=6"}],"curies":[{"name":"wp","href":"https:\/\/api.w.org\/{rel}","templated":true}]}}