{"id":682,"date":"2017-01-07T10:37:20","date_gmt":"2017-01-07T10:37:20","guid":{"rendered":"http:\/\/ressourcement-nature.com\/de\/?page_id=682"},"modified":"2017-01-07T10:42:43","modified_gmt":"2017-01-07T10:42:43","slug":"sehenswurdigkeiten","status":"publish","type":"page","link":"https:\/\/ressourcement-nature.com\/de\/sehenswurdigkeiten\/","title":{"rendered":"In der Umgebung"},"content":{"rendered":"<h2 class=\"western\"><span lang=\"de-DE\">In unmittelmare N\u00e4he liegen die Burgen Peyrepertuse und Queribus, die D\u00f6rfer Rennes-le -Ch\u00e2teau, Rennes-les-Bains, der mystische Berg Bugarach und die Galamus Schluchten mit naturbelassene Badestellen aus kristallklarem Wasser und tiefen Becken, die zum Schwimmen einladen.<\/span><\/h2>\n<h2 class=\"western\"><\/h2>\n<h2 class=\"western\"><span lang=\"de-DE\">Peyrepertuse <\/span>: <a href=\"http:\/\/www.payscathare.org\/de\/geschichte-5\">http:\/\/www.payscathare.org\/de\/geschichte-5<\/a><\/h2>\n<h2 class=\"western\"><span lang=\"de-DE\">Queribus<\/span> : <a href=\"http:\/\/www.payscathare.org\/de\/geschichte-4\">http:\/\/www.payscathare.org\/de\/geschichte-4<\/a><\/h2>\n<h2 class=\"western\"><span lang=\"de-DE\">Rennes-le -Ch\u00e2teau<\/span> : <a href=\"https:\/\/de.wikipedia.org\/wiki\/Rennes-le-Ch%C3%A2teau\">https:\/\/de.wikipedia.org\/wiki\/Rennes-le-Ch%C3%A2teau<\/a><\/h2>\n<h2 class=\"western\"><span lang=\"de-DE\"> Rennes-les-Bains<\/span> : <a href=\"https:\/\/de.wikipedia.org\/wiki\/Rennes-les-Bains\">https:\/\/de.wikipedia.org\/wiki\/Rennes-les-Bains<\/a><\/h2>\n<h2 class=\"western\"><span lang=\"de-DE\">Berg Bugarach<\/span> : <a href=\"https:\/\/de.wikipedia.org\/wiki\/Pic_de_Bugarach\">https:\/\/de.wikipedia.org\/wiki\/Pic_de_Bugarach<\/a><\/h2>\n<h2 class=\"western\"><span lang=\"de-DE\">Galamus Schluchten<\/span> : <a href=\"https:\/\/de.wikipedia.org\/wiki\/Gorges_de_Galamus\">https:\/\/de.wikipedia.org\/wiki\/Gorges_de_Galamus<\/a><\/h2>\n<p>&nbsp;<\/p>\n<p>&nbsp;<\/p>\n<p>&nbsp;<\/p>\n","protected":false},"excerpt":{"rendered":"<p>In unmittelmare N\u00e4he liegen die Burgen Peyrepertuse und Queribus, die D\u00f6rfer Rennes-le -Ch\u00e2teau, Rennes-les-Bains, der mystische Berg Bugarach und die Galamus Schluchten mit naturbelassene Badestellen aus kristallklarem Wasser und tiefen Becken, die zum Schwimmen einladen. Peyrepertuse : http:\/\/www.payscathare.org\/de\/geschichte-5 Queribus : &hellip; <a href=\"https:\/\/ressourcement-nature.com\/de\/sehenswurdigkeiten\/\">Continuer la lecture <span class=\"meta-nav\">&rarr;<\/span><\/a><\/p>\n","protected":false},"author":3,"featured_media":0,"parent":0,"menu_order":0,"comment_status":"closed","ping_status":"closed","template":"","meta":{"footnotes":""},"class_list":["post-682","page","type-page","status-publish","hentry"],"_links":{"self":[{"href":"https:\/\/ressourcement-nature.com\/de\/wp-json\/wp\/v2\/pages\/682","targetHints":{"allow":["GET"]}}],"collection":[{"href":"https:\/\/ressourcement-nature.com\/de\/wp-json\/wp\/v2\/pages"}],"about":[{"href":"https:\/\/ressourcement-nature.com\/de\/wp-json\/wp\/v2\/types\/page"}],"author":[{"embeddable":true,"href":"https:\/\/ressourcement-nature.com\/de\/wp-json\/wp\/v2\/users\/3"}],"replies":[{"embeddable":true,"href":"https:\/\/ressourcement-nature.com\/de\/wp-json\/wp\/v2\/comments?post=682"}],"version-history":[{"count":2,"href":"https:\/\/ressourcement-nature.com\/de\/wp-json\/wp\/v2\/pages\/682\/revisions"}],"predecessor-version":[{"id":684,"href":"https:\/\/ressourcement-nature.com\/de\/wp-json\/wp\/v2\/pages\/682\/revisions\/684"}],"wp:attachment":[{"href":"https:\/\/ressourcement-nature.com\/de\/wp-json\/wp\/v2\/media?parent=682"}],"curies":[{"name":"wp","href":"https:\/\/api.w.org\/{rel}","templated":true}]}}