{"id":695,"date":"2017-01-24T11:29:22","date_gmt":"2017-01-24T11:29:22","guid":{"rendered":"http:\/\/ressourcement-nature.com\/de\/?page_id=695"},"modified":"2019-05-05T16:22:13","modified_gmt":"2019-05-05T16:22:13","slug":"kurse-2","status":"publish","type":"page","link":"https:\/\/ressourcement-nature.com\/de\/kurse-2\/","title":{"rendered":"Kurse"},"content":{"rendered":"<h1 style=\"text-align: center;\"><em><span style=\"text-decoration: underline;\">Einf\u00fchrung in Natural Horsemanship und Reiten in Verbindung<\/span><\/em><\/h1>\n<h1 style=\"text-align: center;\"><a href=\"https:\/\/ressourcement-nature.com\/de\/files\/P1030673-e1487070922829.jpg\"><img loading=\"lazy\" decoding=\"async\" class=\"aligncenter wp-image-736\" src=\"https:\/\/ressourcement-nature.com\/de\/files\/P1030673-150x150.jpg\" width=\"150\" height=\"150\" \/><\/a>\u00a0 mit Andreas H\u00f6lderle<\/h1>\n<p>In diesem Workshop wirst du kennenlernen, wie Pferde in Gemeinschaft leben, was sie f\u00fcr Ihr Wohlbefinden brauchen , wie ihre Sozialstruktur funktioniert und wie sie miteinander kommunizieren.<\/p>\n<p>Wir werden zu meiner kleinen Pferdeherde gehen, sie beobachten und versuchen uns in die Herde zu integrieren. Du wirst lernen, wie man sich mit Pferden verbindet und sie in dieser Verbindung zum sicheren Reitpartner ausbildet. Daf\u00fcr braucht es unbedingt ein Verh\u00e4ltnis von Vertrauen und Sicherheit. Viele \u00dcbungen der Natural Horsemanship werden uns helfen dies zu erreichen.<\/p>\n<p>Au\u00dferdem wirst du erfahren, was du von Pferden \u00fcber dich lernen kannst und wie es auf dein Leben Einfluss nimmt. Dadurch das du\u00a0 dich und deinen Partner Pferd immer besser kennenlernst, kannst du eine Vertrauensvolle, gegenseitige Partnerschaft aufbauen.<\/p>\n<p>Wir werden t\u00e4glich 4-5 Stunden mit den Pferden sein. Wir werden zwischen Bodenarbeit, reiten auf dem Platz, Freiarbeit und Ausritten abwechseln.<\/p>\n<p>Ich biete verschiedene M\u00f6glichkeiten:<\/p>\n<p>6 Tageskurs : 590\u20ac pro Person (ab 2 Personen, h\u00f6chstens 4). Als Einzelperson 840\u20ac<\/p>\n<p>2 Tageskurs : 195\u20ac pro Person (ab 2 Personen, h\u00f6chstens 4) Als Einzelperson 280\u20ac<\/p>\n<h1 style=\"text-align: center;\"><em>\u00a0<\/em><\/h1>\n<p>&nbsp;<\/p>\n","protected":false},"excerpt":{"rendered":"<p>Einf\u00fchrung in Natural Horsemanship und Reiten in Verbindung \u00a0 mit Andreas H\u00f6lderle In diesem Workshop wirst du kennenlernen, wie Pferde in Gemeinschaft leben, was sie f\u00fcr Ihr Wohlbefinden brauchen , wie ihre Sozialstruktur funktioniert und wie sie miteinander kommunizieren. Wir &hellip; <a href=\"https:\/\/ressourcement-nature.com\/de\/kurse-2\/\">Continuer la lecture <span class=\"meta-nav\">&rarr;<\/span><\/a><\/p>\n","protected":false},"author":3,"featured_media":0,"parent":0,"menu_order":0,"comment_status":"closed","ping_status":"closed","template":"","meta":{"footnotes":""},"class_list":["post-695","page","type-page","status-publish","hentry"],"_links":{"self":[{"href":"https:\/\/ressourcement-nature.com\/de\/wp-json\/wp\/v2\/pages\/695","targetHints":{"allow":["GET"]}}],"collection":[{"href":"https:\/\/ressourcement-nature.com\/de\/wp-json\/wp\/v2\/pages"}],"about":[{"href":"https:\/\/ressourcement-nature.com\/de\/wp-json\/wp\/v2\/types\/page"}],"author":[{"embeddable":true,"href":"https:\/\/ressourcement-nature.com\/de\/wp-json\/wp\/v2\/users\/3"}],"replies":[{"embeddable":true,"href":"https:\/\/ressourcement-nature.com\/de\/wp-json\/wp\/v2\/comments?post=695"}],"version-history":[{"count":37,"href":"https:\/\/ressourcement-nature.com\/de\/wp-json\/wp\/v2\/pages\/695\/revisions"}],"predecessor-version":[{"id":988,"href":"https:\/\/ressourcement-nature.com\/de\/wp-json\/wp\/v2\/pages\/695\/revisions\/988"}],"wp:attachment":[{"href":"https:\/\/ressourcement-nature.com\/de\/wp-json\/wp\/v2\/media?parent=695"}],"curies":[{"name":"wp","href":"https:\/\/api.w.org\/{rel}","templated":true}]}}